{"id":25,"date":"2026-01-16T11:57:03","date_gmt":"2026-01-16T11:57:03","guid":{"rendered":"http:\/\/www.rent2gocars.com\/?page_id=25"},"modified":"2026-01-22T09:12:16","modified_gmt":"2026-01-22T09:12:16","slug":"araclarimiz","status":"publish","type":"page","link":"https:\/\/www.rent2gocars.com\/en\/araclarimiz\/","title":{"rendered":"Ara\u00e7lar\u0131m\u0131z"},"content":{"rendered":"<div class=\"wp-block-columns is-layout-flex wp-container-core-columns-is-layout-28f84493 wp-block-columns-is-layout-flex\">\n<div class=\"wp-block-column is-layout-flow wp-block-column-is-layout-flow\">\n<figure class=\"wp-block-image size-large\"><img fetchpriority=\"high\" decoding=\"async\" width=\"683\" height=\"1024\" src=\"http:\/\/www.rent2gocars.com\/wp-content\/uploads\/2026\/01\/WhatsApp-Image-2026-01-17-at-21.09.14-1-683x1024.jpeg\" alt=\"\" class=\"wp-image-94\" srcset=\"https:\/\/www.rent2gocars.com\/wp-content\/uploads\/2026\/01\/WhatsApp-Image-2026-01-17-at-21.09.14-1-683x1024.jpeg 683w, https:\/\/www.rent2gocars.com\/wp-content\/uploads\/2026\/01\/WhatsApp-Image-2026-01-17-at-21.09.14-1-200x300.jpeg 200w, https:\/\/www.rent2gocars.com\/wp-content\/uploads\/2026\/01\/WhatsApp-Image-2026-01-17-at-21.09.14-1-768x1152.jpeg 768w, https:\/\/www.rent2gocars.com\/wp-content\/uploads\/2026\/01\/WhatsApp-Image-2026-01-17-at-21.09.14-1.jpeg 1024w\" sizes=\"(max-width: 683px) 100vw, 683px\" \/><\/figure>\n\n\n\n<div class=\"wp-block-buttons is-layout-flex wp-block-buttons-is-layout-flex\">\n<div class=\"wp-block-button\"><a class=\"wp-block-button__link wp-element-button\" href=\"https:\/\/wa.me\/905331302449?text=Merhaba%20ara\u00e7%20kiralama%20hakk\u0131nda%20bilgi%20almak%20istiyorum\">Rezervasyon Yap<\/a><\/div>\n<\/div>\n<\/div>\n\n\n\n<div class=\"wp-block-column is-layout-flow wp-block-column-is-layout-flow\">\n<figure class=\"wp-block-image size-large\"><img decoding=\"async\" width=\"683\" height=\"1024\" src=\"http:\/\/www.rent2gocars.com\/wp-content\/uploads\/2026\/01\/WhatsApp-Image-2026-01-17-at-19.48.43-1-683x1024.jpeg\" alt=\"\" class=\"wp-image-95\" srcset=\"https:\/\/www.rent2gocars.com\/wp-content\/uploads\/2026\/01\/WhatsApp-Image-2026-01-17-at-19.48.43-1-683x1024.jpeg 683w, https:\/\/www.rent2gocars.com\/wp-content\/uploads\/2026\/01\/WhatsApp-Image-2026-01-17-at-19.48.43-1-200x300.jpeg 200w, https:\/\/www.rent2gocars.com\/wp-content\/uploads\/2026\/01\/WhatsApp-Image-2026-01-17-at-19.48.43-1-768x1152.jpeg 768w, https:\/\/www.rent2gocars.com\/wp-content\/uploads\/2026\/01\/WhatsApp-Image-2026-01-17-at-19.48.43-1.jpeg 1024w\" sizes=\"(max-width: 683px) 100vw, 683px\" \/><\/figure>\n\n\n\n<div class=\"wp-block-buttons is-layout-flex wp-block-buttons-is-layout-flex\">\n<div class=\"wp-block-button\"><a class=\"wp-block-button__link wp-element-button\" href=\"https:\/\/wa.me\/905331302449?text=Merhaba%20ara\u00e7%20kiralama%20hakk\u0131nda%20bilgi%20almak%20istiyorum\">Rezervasyon Yap<\/a><\/div>\n<\/div>\n<\/div>\n\n\n\n<div class=\"wp-block-column is-layout-flow wp-block-column-is-layout-flow\">\n<figure class=\"wp-block-image size-large\"><img decoding=\"async\" width=\"683\" height=\"1024\" src=\"http:\/\/www.rent2gocars.com\/wp-content\/uploads\/2026\/01\/WhatsApp-Image-2026-01-17-at-19.49.57-1-683x1024.jpeg\" alt=\"\" class=\"wp-image-96\" srcset=\"https:\/\/www.rent2gocars.com\/wp-content\/uploads\/2026\/01\/WhatsApp-Image-2026-01-17-at-19.49.57-1-683x1024.jpeg 683w, https:\/\/www.rent2gocars.com\/wp-content\/uploads\/2026\/01\/WhatsApp-Image-2026-01-17-at-19.49.57-1-200x300.jpeg 200w, https:\/\/www.rent2gocars.com\/wp-content\/uploads\/2026\/01\/WhatsApp-Image-2026-01-17-at-19.49.57-1-768x1152.jpeg 768w, https:\/\/www.rent2gocars.com\/wp-content\/uploads\/2026\/01\/WhatsApp-Image-2026-01-17-at-19.49.57-1.jpeg 1024w\" sizes=\"(max-width: 683px) 100vw, 683px\" \/><\/figure>\n\n\n\n<div class=\"wp-block-buttons is-layout-flex wp-block-buttons-is-layout-flex\">\n<div class=\"wp-block-button\"><a class=\"wp-block-button__link wp-element-button\" href=\"https:\/\/wa.me\/905331302449?text=Merhaba%20ara\u00e7%20kiralama%20hakk\u0131nda%20bilgi%20almak%20istiyorum\">Rezervasyon Yap<\/a><\/div>\n<\/div>\n<\/div>\n<\/div>\n\n\n\n<div class=\"wp-block-columns is-layout-flex wp-container-core-columns-is-layout-28f84493 wp-block-columns-is-layout-flex\">\n<div class=\"wp-block-column is-layout-flow wp-block-column-is-layout-flow\">\n<figure class=\"wp-block-image size-large\"><img loading=\"lazy\" decoding=\"async\" width=\"683\" height=\"1024\" src=\"http:\/\/www.rent2gocars.com\/wp-content\/uploads\/2026\/01\/WhatsApp-Image-2026-01-19-at-17.54.22-683x1024.jpeg\" alt=\"\" class=\"wp-image-101\" srcset=\"https:\/\/www.rent2gocars.com\/wp-content\/uploads\/2026\/01\/WhatsApp-Image-2026-01-19-at-17.54.22-683x1024.jpeg 683w, https:\/\/www.rent2gocars.com\/wp-content\/uploads\/2026\/01\/WhatsApp-Image-2026-01-19-at-17.54.22-200x300.jpeg 200w, https:\/\/www.rent2gocars.com\/wp-content\/uploads\/2026\/01\/WhatsApp-Image-2026-01-19-at-17.54.22-768x1152.jpeg 768w, https:\/\/www.rent2gocars.com\/wp-content\/uploads\/2026\/01\/WhatsApp-Image-2026-01-19-at-17.54.22.jpeg 1024w\" sizes=\"(max-width: 683px) 100vw, 683px\" \/><\/figure>\n\n\n\n<div class=\"wp-block-buttons is-layout-flex wp-block-buttons-is-layout-flex\">\n<div class=\"wp-block-button\"><a class=\"wp-block-button__link wp-element-button\" href=\"https:\/\/wa.me\/905331302449?text=Merhaba%2C%20ara%C3%A7%20kiralama%20hakk%C4%B1nda%20bilgi%20almak%20istiyorum.\">Rezervasyon Yap<\/a><\/div>\n<\/div>\n<\/div>\n\n\n\n<div class=\"wp-block-column is-layout-flow wp-block-column-is-layout-flow\">\n<figure class=\"wp-block-image size-large\"><img loading=\"lazy\" decoding=\"async\" width=\"683\" height=\"1024\" src=\"http:\/\/www.rent2gocars.com\/wp-content\/uploads\/2026\/01\/WhatsApp-Image-2026-01-19-at-17.58.28-683x1024.jpeg\" alt=\"\" class=\"wp-image-102\" srcset=\"https:\/\/www.rent2gocars.com\/wp-content\/uploads\/2026\/01\/WhatsApp-Image-2026-01-19-at-17.58.28-683x1024.jpeg 683w, https:\/\/www.rent2gocars.com\/wp-content\/uploads\/2026\/01\/WhatsApp-Image-2026-01-19-at-17.58.28-200x300.jpeg 200w, https:\/\/www.rent2gocars.com\/wp-content\/uploads\/2026\/01\/WhatsApp-Image-2026-01-19-at-17.58.28-768x1152.jpeg 768w, https:\/\/www.rent2gocars.com\/wp-content\/uploads\/2026\/01\/WhatsApp-Image-2026-01-19-at-17.58.28.jpeg 1024w\" sizes=\"(max-width: 683px) 100vw, 683px\" \/><\/figure>\n\n\n\n<div class=\"wp-block-buttons is-layout-flex wp-block-buttons-is-layout-flex\">\n<div class=\"wp-block-button\"><a class=\"wp-block-button__link wp-element-button\" href=\"https:\/\/wa.me\/905331302449?text=Merhaba%2C%20ara%C3%A7%20kiralama%20hakk%C4%B1nda%20bilgi%20almak%20istiyorum.\">Rezervasyon Yap<\/a><\/div>\n<\/div>\n\n\n\n<div class=\"wp-block-columns is-layout-flex wp-container-core-columns-is-layout-28f84493 wp-block-columns-is-layout-flex\">\n<div class=\"wp-block-column is-layout-flow wp-block-column-is-layout-flow\"><\/div>\n\n\n\n<div class=\"wp-block-column is-layout-flow wp-block-column-is-layout-flow\"><\/div>\n\n\n\n<div class=\"wp-block-column is-layout-flow wp-block-column-is-layout-flow\"><\/div>\n<\/div>\n<\/div>\n\n\n\n<div class=\"wp-block-column is-layout-flow wp-block-column-is-layout-flow\">\n<figure class=\"wp-block-image size-large\"><img loading=\"lazy\" decoding=\"async\" width=\"683\" height=\"1024\" src=\"http:\/\/www.rent2gocars.com\/wp-content\/uploads\/2026\/01\/WhatsApp-Image-2026-01-19-at-18.06.37-683x1024.jpeg\" alt=\"\" class=\"wp-image-103\" srcset=\"https:\/\/www.rent2gocars.com\/wp-content\/uploads\/2026\/01\/WhatsApp-Image-2026-01-19-at-18.06.37-683x1024.jpeg 683w, https:\/\/www.rent2gocars.com\/wp-content\/uploads\/2026\/01\/WhatsApp-Image-2026-01-19-at-18.06.37-200x300.jpeg 200w, https:\/\/www.rent2gocars.com\/wp-content\/uploads\/2026\/01\/WhatsApp-Image-2026-01-19-at-18.06.37-768x1152.jpeg 768w, https:\/\/www.rent2gocars.com\/wp-content\/uploads\/2026\/01\/WhatsApp-Image-2026-01-19-at-18.06.37.jpeg 1024w\" sizes=\"(max-width: 683px) 100vw, 683px\" \/><\/figure>\n\n\n\n<div class=\"wp-block-buttons is-layout-flex wp-block-buttons-is-layout-flex\">\n<div class=\"wp-block-button\"><a class=\"wp-block-button__link wp-element-button\" href=\"https:\/\/wa.me\/905331302449?text=Merhaba%2C%20ara%C3%A7%20kiralama%20hakk%C4%B1nda%20bilgi%20almak%20istiyorum.\">Rezervasyon Yap<\/a><\/div>\n<\/div>\n\n\n\n<div class=\"wp-block-columns is-layout-flex wp-container-core-columns-is-layout-28f84493 wp-block-columns-is-layout-flex\">\n<div class=\"wp-block-column is-layout-flow wp-block-column-is-layout-flow\"><\/div>\n\n\n\n<div class=\"wp-block-column is-layout-flow wp-block-column-is-layout-flow\"><\/div>\n\n\n\n<div class=\"wp-block-column is-layout-flow wp-block-column-is-layout-flow\"><\/div>\n<\/div>\n<\/div>\n<\/div>\n\n\n\n<div class=\"wp-block-columns is-layout-flex wp-container-core-columns-is-layout-28f84493 wp-block-columns-is-layout-flex\">\n<div class=\"wp-block-column is-layout-flow wp-block-column-is-layout-flow\">\n<figure class=\"wp-block-image size-large\"><img loading=\"lazy\" decoding=\"async\" width=\"683\" height=\"1024\" src=\"http:\/\/www.rent2gocars.com\/wp-content\/uploads\/2026\/01\/WhatsApp-Image-2026-01-19-at-19.19.33-683x1024.jpeg\" alt=\"\" class=\"wp-image-121\" srcset=\"https:\/\/www.rent2gocars.com\/wp-content\/uploads\/2026\/01\/WhatsApp-Image-2026-01-19-at-19.19.33-683x1024.jpeg 683w, https:\/\/www.rent2gocars.com\/wp-content\/uploads\/2026\/01\/WhatsApp-Image-2026-01-19-at-19.19.33-200x300.jpeg 200w, https:\/\/www.rent2gocars.com\/wp-content\/uploads\/2026\/01\/WhatsApp-Image-2026-01-19-at-19.19.33-768x1152.jpeg 768w, https:\/\/www.rent2gocars.com\/wp-content\/uploads\/2026\/01\/WhatsApp-Image-2026-01-19-at-19.19.33.jpeg 1024w\" sizes=\"(max-width: 683px) 100vw, 683px\" \/><\/figure>\n\n\n\n<div class=\"wp-block-buttons is-layout-flex wp-block-buttons-is-layout-flex\">\n<div class=\"wp-block-button\"><a class=\"wp-block-button__link wp-element-button\" href=\"https:\/\/wa.me\/905331302449?text=Merhaba%20\ud83d\udc4b%0AAra\u00e7%20kiralama%20hakk\u0131nda%20bilgi%20almak%20istiyorum.\">Rezervasyon Yap<\/a><\/div>\n<\/div>\n<\/div>\n\n\n\n<div class=\"wp-block-column is-layout-flow wp-block-column-is-layout-flow\">\n<figure class=\"wp-block-image size-large\"><img loading=\"lazy\" decoding=\"async\" width=\"683\" height=\"1024\" src=\"http:\/\/www.rent2gocars.com\/wp-content\/uploads\/2026\/01\/WhatsApp-Image-2026-01-19-at-19.21.25-683x1024.jpeg\" alt=\"\" class=\"wp-image-122\" srcset=\"https:\/\/www.rent2gocars.com\/wp-content\/uploads\/2026\/01\/WhatsApp-Image-2026-01-19-at-19.21.25-683x1024.jpeg 683w, https:\/\/www.rent2gocars.com\/wp-content\/uploads\/2026\/01\/WhatsApp-Image-2026-01-19-at-19.21.25-200x300.jpeg 200w, https:\/\/www.rent2gocars.com\/wp-content\/uploads\/2026\/01\/WhatsApp-Image-2026-01-19-at-19.21.25-768x1152.jpeg 768w, https:\/\/www.rent2gocars.com\/wp-content\/uploads\/2026\/01\/WhatsApp-Image-2026-01-19-at-19.21.25.jpeg 1024w\" sizes=\"(max-width: 683px) 100vw, 683px\" \/><\/figure>\n\n\n\n<div class=\"wp-block-buttons is-layout-flex wp-block-buttons-is-layout-flex\">\n<div class=\"wp-block-button\"><a class=\"wp-block-button__link wp-element-button\" href=\"https:\/\/wa.me\/905331302449?text=Merhaba%20\ud83d\udc4b%0AAra\u00e7%20kiralama%20hakk\u0131nda%20bilgi%20almak%20istiyorum.\">Rezervasyon Yap<\/a><\/div>\n<\/div>\n<\/div>\n\n\n\n<div class=\"wp-block-column is-layout-flow wp-block-column-is-layout-flow\">\n<figure class=\"wp-block-image size-large\"><img loading=\"lazy\" decoding=\"async\" width=\"683\" height=\"1024\" src=\"http:\/\/www.rent2gocars.com\/wp-content\/uploads\/2026\/01\/WhatsApp-Image-2026-01-19-at-19.24.43-683x1024.jpeg\" alt=\"\" class=\"wp-image-123\" srcset=\"https:\/\/www.rent2gocars.com\/wp-content\/uploads\/2026\/01\/WhatsApp-Image-2026-01-19-at-19.24.43-683x1024.jpeg 683w, https:\/\/www.rent2gocars.com\/wp-content\/uploads\/2026\/01\/WhatsApp-Image-2026-01-19-at-19.24.43-200x300.jpeg 200w, https:\/\/www.rent2gocars.com\/wp-content\/uploads\/2026\/01\/WhatsApp-Image-2026-01-19-at-19.24.43-768x1152.jpeg 768w, https:\/\/www.rent2gocars.com\/wp-content\/uploads\/2026\/01\/WhatsApp-Image-2026-01-19-at-19.24.43.jpeg 1024w\" sizes=\"(max-width: 683px) 100vw, 683px\" \/><\/figure>\n\n\n\n<div class=\"wp-block-buttons is-layout-flex wp-block-buttons-is-layout-flex\">\n<div class=\"wp-block-button\"><a class=\"wp-block-button__link wp-element-button\" href=\"https:\/\/wa.me\/905331302449?text=Merhaba%20\ud83d\udc4b%0AAra\u00e7%20kiralama%20hakk\u0131nda%20bilgi%20almak%20istiyorum.\">Rezervasyon Yap<\/a><\/div>\n<\/div>\n<\/div>\n<\/div>\n\n\n\n<p><\/p>","protected":false},"excerpt":{"rendered":"","protected":false},"author":1,"featured_media":0,"parent":0,"menu_order":0,"comment_status":"closed","ping_status":"closed","template":"","meta":{"site-sidebar-layout":"default","site-content-layout":"","ast-site-content-layout":"default","site-content-style":"default","site-sidebar-style":"default","ast-global-header-display":"","ast-banner-title-visibility":"","ast-main-header-display":"","ast-hfb-above-header-display":"","ast-hfb-below-header-display":"","ast-hfb-mobile-header-display":"","site-post-title":"","ast-breadcrumbs-content":"","ast-featured-img":"","footer-sml-layout":"","ast-disable-related-posts":"","theme-transparent-header-meta":"","adv-header-id-meta":"","stick-header-meta":"","header-above-stick-meta":"","header-main-stick-meta":"","header-below-stick-meta":"","astra-migrate-meta-layouts":"default","ast-page-background-enabled":"default","ast-page-background-meta":{"desktop":{"background-color":"var(--ast-global-color-5)","background-image":"","background-repeat":"repeat","background-position":"center center","background-size":"auto","background-attachment":"scroll","background-type":"","background-media":"","overlay-type":"","overlay-color":"","overlay-opacity":"","overlay-gradient":""},"tablet":{"background-color":"","background-image":"","background-repeat":"repeat","background-position":"center center","background-size":"auto","background-attachment":"scroll","background-type":"","background-media":"","overlay-type":"","overlay-color":"","overlay-opacity":"","overlay-gradient":""},"mobile":{"background-color":"","background-image":"","background-repeat":"repeat","background-position":"center center","background-size":"auto","background-attachment":"scroll","background-type":"","background-media":"","overlay-type":"","overlay-color":"","overlay-opacity":"","overlay-gradient":""}},"ast-content-background-meta":{"desktop":{"background-color":"var(--ast-global-color-4)","background-image":"","background-repeat":"repeat","background-position":"center center","background-size":"auto","background-attachment":"scroll","background-type":"","background-media":"","overlay-type":"","overlay-color":"","overlay-opacity":"","overlay-gradient":""},"tablet":{"background-color":"var(--ast-global-color-4)","background-image":"","background-repeat":"repeat","background-position":"center center","background-size":"auto","background-attachment":"scroll","background-type":"","background-media":"","overlay-type":"","overlay-color":"","overlay-opacity":"","overlay-gradient":""},"mobile":{"background-color":"var(--ast-global-color-4)","background-image":"","background-repeat":"repeat","background-position":"center center","background-size":"auto","background-attachment":"scroll","background-type":"","background-media":"","overlay-type":"","overlay-color":"","overlay-opacity":"","overlay-gradient":""}},"_joinchat":[],"footnotes":""},"class_list":["post-25","page","type-page","status-publish","hentry"],"_links":{"self":[{"href":"https:\/\/www.rent2gocars.com\/en\/wp-json\/wp\/v2\/pages\/25","targetHints":{"allow":["GET"]}}],"collection":[{"href":"https:\/\/www.rent2gocars.com\/en\/wp-json\/wp\/v2\/pages"}],"about":[{"href":"https:\/\/www.rent2gocars.com\/en\/wp-json\/wp\/v2\/types\/page"}],"author":[{"embeddable":true,"href":"https:\/\/www.rent2gocars.com\/en\/wp-json\/wp\/v2\/users\/1"}],"replies":[{"embeddable":true,"href":"https:\/\/www.rent2gocars.com\/en\/wp-json\/wp\/v2\/comments?post=25"}],"version-history":[{"count":37,"href":"https:\/\/www.rent2gocars.com\/en\/wp-json\/wp\/v2\/pages\/25\/revisions"}],"predecessor-version":[{"id":126,"href":"https:\/\/www.rent2gocars.com\/en\/wp-json\/wp\/v2\/pages\/25\/revisions\/126"}],"wp:attachment":[{"href":"https:\/\/www.rent2gocars.com\/en\/wp-json\/wp\/v2\/media?parent=25"}],"curies":[{"name":"wp","href":"https:\/\/api.w.org\/{rel}","templated":true}]}}