{"id":415,"date":"2026-03-10T13:43:22","date_gmt":"2026-03-10T13:43:22","guid":{"rendered":"https:\/\/www.rent2gocars.com\/?page_id=415"},"modified":"2026-03-10T13:43:22","modified_gmt":"2026-03-10T13:43:22","slug":"kemer-rent-a-car","status":"publish","type":"page","link":"https:\/\/www.rent2gocars.com\/en\/kemer-rent-a-car\/","title":{"rendered":"Kemer Rent a Car"},"content":{"rendered":"<p>Kemer Rent a Car hizmetimiz ile Antalya Kemer b\u00f6lgesinde h\u0131zl\u0131 ve g\u00fcvenilir ara\u00e7 kiralama imkan\u0131 sunuyoruz. Rent2Go Car Rental olarak Kemer otellerine ve \u00e7evre b\u00f6lgelere ara\u00e7 teslimat\u0131 yap\u0131yoruz.<\/p>\n\n\n\n<p>Ekonomik, otomatik ve konforlu ara\u00e7 se\u00e7eneklerimiz ile Kemer tatilinize rahat bir ba\u015flang\u0131\u00e7 yapabilirsiniz. Kemer Rent a Car rezervasyonu yapmak i\u00e7in WhatsApp \u00fczerinden bizimle h\u0131zl\u0131ca ileti\u015fime ge\u00e7ebilirsiniz.<\/p>\n\n\n\n<p>Kemer ara\u00e7 kiralama hizmetimiz sayesinde Antalya\u2019n\u0131n en g\u00fczel tatil b\u00f6lgelerini \u00f6zg\u00fcrce ke\u015ffedebilirsiniz.<\/p>\n\n\n\n<p><\/p>","protected":false},"excerpt":{"rendered":"<p>Kemer Rent a Car hizmetimiz ile Antalya Kemer b\u00f6lgesinde h\u0131zl\u0131 ve g\u00fcvenilir ara\u00e7 kiralama imkan\u0131 sunuyoruz. Rent2Go Car Rental olarak [&hellip;]<\/p>\n","protected":false},"author":1,"featured_media":0,"parent":0,"menu_order":0,"comment_status":"closed","ping_status":"closed","template":"","meta":{"site-sidebar-layout":"default","site-content-layout":"","ast-site-content-layout":"default","site-content-style":"default","site-sidebar-style":"default","ast-global-header-display":"","ast-banner-title-visibility":"","ast-main-header-display":"","ast-hfb-above-header-display":"","ast-hfb-below-header-display":"","ast-hfb-mobile-header-display":"","site-post-title":"","ast-breadcrumbs-content":"","ast-featured-img":"","footer-sml-layout":"","ast-disable-related-posts":"","theme-transparent-header-meta":"","adv-header-id-meta":"","stick-header-meta":"","header-above-stick-meta":"","header-main-stick-meta":"","header-below-stick-meta":"","astra-migrate-meta-layouts":"default","ast-page-background-enabled":"default","ast-page-background-meta":{"desktop":{"background-color":"var(--ast-global-color-5)","background-image":"","background-repeat":"repeat","background-position":"center center","background-size":"auto","background-attachment":"scroll","background-type":"","background-media":"","overlay-type":"","overlay-color":"","overlay-opacity":"","overlay-gradient":""},"tablet":{"background-color":"","background-image":"","background-repeat":"repeat","background-position":"center center","background-size":"auto","background-attachment":"scroll","background-type":"","background-media":"","overlay-type":"","overlay-color":"","overlay-opacity":"","overlay-gradient":""},"mobile":{"background-color":"","background-image":"","background-repeat":"repeat","background-position":"center center","background-size":"auto","background-attachment":"scroll","background-type":"","background-media":"","overlay-type":"","overlay-color":"","overlay-opacity":"","overlay-gradient":""}},"ast-content-background-meta":{"desktop":{"background-color":"var(--ast-global-color-4)","background-image":"","background-repeat":"repeat","background-position":"center center","background-size":"auto","background-attachment":"scroll","background-type":"","background-media":"","overlay-type":"","overlay-color":"","overlay-opacity":"","overlay-gradient":""},"tablet":{"background-color":"var(--ast-global-color-4)","background-image":"","background-repeat":"repeat","background-position":"center center","background-size":"auto","background-attachment":"scroll","background-type":"","background-media":"","overlay-type":"","overlay-color":"","overlay-opacity":"","overlay-gradient":""},"mobile":{"background-color":"var(--ast-global-color-4)","background-image":"","background-repeat":"repeat","background-position":"center center","background-size":"auto","background-attachment":"scroll","background-type":"","background-media":"","overlay-type":"","overlay-color":"","overlay-opacity":"","overlay-gradient":""}},"_joinchat":[],"footnotes":""},"class_list":["post-415","page","type-page","status-publish","hentry"],"_links":{"self":[{"href":"https:\/\/www.rent2gocars.com\/en\/wp-json\/wp\/v2\/pages\/415","targetHints":{"allow":["GET"]}}],"collection":[{"href":"https:\/\/www.rent2gocars.com\/en\/wp-json\/wp\/v2\/pages"}],"about":[{"href":"https:\/\/www.rent2gocars.com\/en\/wp-json\/wp\/v2\/types\/page"}],"author":[{"embeddable":true,"href":"https:\/\/www.rent2gocars.com\/en\/wp-json\/wp\/v2\/users\/1"}],"replies":[{"embeddable":true,"href":"https:\/\/www.rent2gocars.com\/en\/wp-json\/wp\/v2\/comments?post=415"}],"version-history":[{"count":1,"href":"https:\/\/www.rent2gocars.com\/en\/wp-json\/wp\/v2\/pages\/415\/revisions"}],"predecessor-version":[{"id":416,"href":"https:\/\/www.rent2gocars.com\/en\/wp-json\/wp\/v2\/pages\/415\/revisions\/416"}],"wp:attachment":[{"href":"https:\/\/www.rent2gocars.com\/en\/wp-json\/wp\/v2\/media?parent=415"}],"curies":[{"name":"wp","href":"https:\/\/api.w.org\/{rel}","templated":true}]}}